{"id":199879,"date":"2024-12-11T15:19:07","date_gmt":"2024-12-11T14:19:07","guid":{"rendered":"https:\/\/behouse.ch\/?page_id=199879"},"modified":"2024-12-16T23:31:15","modified_gmt":"2024-12-16T22:31:15","slug":"privacy-policy","status":"publish","type":"page","link":"https:\/\/behouse.ch\/fr\/privacy-policy\/","title":{"rendered":"Privacy Policy"},"content":{"rendered":"\t\t<div data-elementor-type=\"wp-page\" data-elementor-id=\"199879\" class=\"elementor elementor-199879 elementor-199805\" data-elementor-post-type=\"page\">\n\t\t\t\t<div class=\"elementor-element elementor-element-f735acf testo-policy e-flex e-con-boxed e-con e-parent\" data-id=\"f735acf\" data-element_type=\"container\">\n\t\t\t\t\t<div class=\"e-con-inner\">\n\t\t\t\t<div class=\"elementor-element elementor-element-4b7c127 elementor-widget elementor-widget-heading\" data-id=\"4b7c127\" data-element_type=\"widget\" data-widget_type=\"heading.default\">\n\t\t\t\t<div class=\"elementor-widget-container\">\n\t\t\t\t\t<h2 class=\"elementor-heading-title elementor-size-default\">Privacy Policy<\/h2>\t\t\t\t<\/div>\n\t\t\t\t<\/div>\n\t\t\t\t<div class=\"elementor-element elementor-element-41c674b elementor-widget elementor-widget-text-editor\" data-id=\"41c674b\" data-element_type=\"widget\" data-widget_type=\"text-editor.default\">\n\t\t\t\t<div class=\"elementor-widget-container\">\n\t\t\t\t\t\t\t\t\t<p>Dans cette d\u00e9claration de confidentialit\u00e9, nous expliquons ce que nous faisons des donn\u00e9es que nous obtenons par l&rsquo;interm\u00e9diaire de https:\/\/behouse.ch.<br>Nous vous conseillons de lire attentivement la d\u00e9claration. Lors du traitement, nous respectons les exigences de la l\u00e9gislation sur la protection de la vie priv\u00e9e (<a href=\"https:\/\/www.fedlex.admin.ch\/eli\/cc\/1993\/1945_1945_1945\/fr\" target=\"_blank\" rel=\"noopener\">https:\/\/www.fedlex.admin.ch\/eli\/cc\/1993\/1945_1945_1945\/fr<\/a>).<\/p>\n<p>Cela signifie, entre autres, que:<\/p>\n<ul>\n<li>Nous communiquons clairement les raisons pour lesquelles nous traitons des donn\u00e9es \u00e0 caract\u00e8re personnel. Nous le faisons par le biais de cette d\u00e9claration de confidentialit\u00e9;<\/li>\n<li>Nous nous effor\u00e7ons de limiter la collecte de donn\u00e9es \u00e0 caract\u00e8re personnel aux seules donn\u00e9es n\u00e9cessaires \u00e0 des fins l\u00e9gitimes;<\/li>\n<li>Nous demandons votre consentement explicite \u00e0 l&rsquo;avance pour traiter vos donn\u00e9es personnelles dans les cas n\u00e9cessitant votre consentement;<\/li>\n<li>Nous prenons des mesures de s\u00e9curit\u00e9 appropri\u00e9es pour prot\u00e9ger vos donn\u00e9es \u00e0 caract\u00e8re personnel et nous l&rsquo;exigeons \u00e9galement des parties qui traitent des donn\u00e9es \u00e0 caract\u00e8re personnel en notre nom;<\/li>\n<li>Nous respectons votre droit d&rsquo;acc\u00e9der \u00e0 vos donn\u00e9es personnelles ou de les faire corriger ou supprimer \u00e0 votre demande.<\/li>\n<\/ul>\n<p>Si vous avez des questions ou si vous souhaitez savoir exactement quelles donn\u00e9es nous stockons, veuillez nous contacter en utilisant les informations figurant \u00e0 la section 10 du pr\u00e9sent avis.<\/p>\n<p><strong>1. Finalit\u00e9 du traitement et dur\u00e9e de conservation des donn\u00e9es <\/strong><\/p>\n<p>Nous pouvons collecter ou recevoir des informations personnelles \u00e0 diverses fins li\u00e9es \u00e0 nos activit\u00e9s commerciales, notamment les suivantes:<\/p>\n<p><strong>1.1 Contact &#8211; par t\u00e9l\u00e9phone, courrier, email et\/ou formulaires web<\/strong><\/p>\n<p>Nous utilisons les donn\u00e9es suivantes \u00e0 cette fin:<\/p>\n<ul>\n<li>Un nom et un pr\u00e9nom<\/li>\n<li>Une adresse email<\/li>\n<li>Un num\u00e9ro de t\u00e9l\u00e9phone<\/li>\n<li>Les informations relatives \u00e0 l&rsquo;activit\u00e9 sur Internet, y compris, mais sans s&rsquo;y limiter, l&rsquo;historique de navigation, l&rsquo;historique de recherche et les informations relatives \u00e0 l&rsquo;interaction d&rsquo;un utilisateur avec un site web, une application ou une publicit\u00e9 sur Internet<\/li>\n<\/ul>\n<p><strong>La base sur laquelle nous traitons les donn\u00e9es est la suivante:<\/strong><\/p>\n<p>Sur consentement.<\/p>\n<p><strong>P\u00e9riode de conservation<\/strong><\/p>\n<p>Nous conservons ces donn\u00e9es jusqu&rsquo;\u00e0 la fin du service.<\/p>\n<p><strong>1.2 Newsletter<\/strong><\/p>\n<p>Nous utilisons les donn\u00e9es suivantes \u00e0 cette fin:<\/p>\n<ul>\n<li>Une adresse email<\/li>\n<li>Les informations relatives \u00e0 l&rsquo;activit\u00e9 sur Internet, y compris, mais sans s&rsquo;y limiter, l&rsquo;historique de navigation, l&rsquo;historique de recherche et les informations relatives \u00e0 l&rsquo;interaction d&rsquo;un utilisateur avec un site Internet, une application ou une publicit\u00e9.<\/li>\n<\/ul>\n<p><strong>La base sur laquelle nous traitons les donn\u00e9es est la suivante:<\/strong><\/p>\n<p>Sur consentement.<\/p>\n<p><strong>P\u00e9riode de conservation<\/strong><\/p>\n<p>Nous conservons les donn\u00e9es collect\u00e9es jusqu&rsquo;\u00e0 ce que le consentement soit r\u00e9voqu\u00e9.<\/p>\n<p><strong>1.3 Pour l&rsquo;assistance li\u00e9e aux services ou aux produits qu&rsquo;un client veut acheter ou a d\u00e9j\u00e0 achet\u00e9 <\/strong><\/p>\n<p>Nous utilisons les donn\u00e9es suivants \u00e0 cette fin:<\/p>\n<ul>\n<li>Un nom et un pr\u00e9nom<\/li>\n<li>Une adresse email<\/li>\n<li>Un num\u00e9ro de t\u00e9l\u00e9phone<\/li>\n<li>Les informations relatives \u00e0 l&rsquo;activit\u00e9 sur Internet, y compris, mais sans s&rsquo;y limiter, l&rsquo;historique de navigation, l&rsquo;historique de recherche et les informations relatives \u00e0 l&rsquo;interaction d&rsquo;un utilisateur avec un site Internet, une application ou une publicit\u00e9<\/li>\n<\/ul>\n<p><strong>La base sur laquelle nous traitons les donn\u00e9es est la suivante:<\/strong><\/p>\n<p>Sur consentement.<\/p>\n<p><strong>P\u00e9riode de conservation<\/strong><\/p>\n<p>Nous conservons ces donn\u00e9es jusqu&rsquo;\u00e0 la fin du service.<\/p>\n<p><strong>1.4 Pour \u00eatre en mesure de respecter les obligations l\u00e9gales<\/strong><\/p>\n<p>Nous utilisons les donn\u00e9es suivantes \u00e0 cette fin:<\/p>\n<ul>\n<li>Adresse IP<\/li>\n<li>Les informations relatives \u00e0 l&rsquo;activit\u00e9 sur Internet, y compris, mais sans s&rsquo;y limiter, l&rsquo;historique de navigation, l&rsquo;historique de recherche et les informations relatives \u00e0 l&rsquo;interaction d&rsquo;un utilisateur avec un site Internet, une application ou une publicit\u00e9<\/li>\n<li>Donn\u00e9es de g\u00e9olocalisation<\/li>\n<\/ul>\n<p><strong>La base sur laquelle nous traitons les donn\u00e9es est la suivante:<\/strong><\/p>\n<p>Pour se conformer \u00e0 une obligation l\u00e9gale ou r\u00e9glementaire.<\/p>\n<p><strong>P\u00e9riode de conservation<\/strong><\/p>\n<p>Nous conservons les donn\u00e9es collect\u00e9es jusqu&rsquo;\u00e0 ce que le consentement soit r\u00e9voqu\u00e9. Il se peut que nous soyons oblig\u00e9s de conserver les donn\u00e9es personnelles collect\u00e9es pendant une p\u00e9riode plus longue en vertu d&rsquo;une obligation l\u00e9gale.<\/p>\n<p><strong>1.5 Compilation et analyse de statistiques pour am\u00e9liorer le site<\/strong><\/p>\n<p>Nous utilisons les donn\u00e9es suivantes \u00e0 cette fin:<\/p>\n<ul>\n<li>Adresse IP<\/li>\n<li>Les informations relatives \u00e0 l&rsquo;activit\u00e9 sur Internet, y compris, mais sans s&rsquo;y limiter, l&rsquo;historique de navigation, l&rsquo;historique de recherche et les informations relatives \u00e0&nbsp;l&rsquo;interaction d&rsquo;un utilisateur avec un site web, une application ou une publicit\u00e9 sur Internet<\/li>\n<li>Donn\u00e9es de g\u00e9olocalisation<\/li>\n<\/ul>\n<p><strong>La base sur laquelle nous traitons les donn\u00e9es est la suivante:<\/strong><\/p>\n<p>Sur consentement.<\/p>\n<p><strong>P\u00e9riode de conservation<\/strong><\/p>\n<p>Nous conservons les donn\u00e9es collect\u00e9es jusqu&rsquo;\u00e0 ce que le consentement soit r\u00e9voqu\u00e9.<\/p>\n<p><strong>2. Partage avec d&rsquo;autres parties<\/strong><\/p>\n<p>Nous ne partageons ces donn\u00e9es qu&rsquo;avec des sous-traitants et d&rsquo;autres tiers pour lesquels le consentement doit \u00eatre obtenu.<\/p>\n<p><strong>Nom:<\/strong>&nbsp;Google<br><strong>Pays:<\/strong>&nbsp;Irlande &#8211; \u00c9tats-Unis<br><strong>Objectif:<\/strong> Statistiques (Google Analytics)<\/p>\n<p><strong>Nom:<\/strong>&nbsp;Mailchimp<br><strong>Pays:<\/strong>&nbsp;\u00c9tats-Unis<br><strong>Objectif:<\/strong> Newsletter<\/p>\n<p><strong>3. Cookies<\/strong><\/p>\n<p>Notre site web utilise des cookies. Pour plus d&rsquo;informations, veuillez consulter notre <a href=\"\/fr\/cookie-policy\" target=\"_blank\" rel=\"noopener\">politique en mati\u00e8re de cookies<\/a>.<\/p>\n<p><strong>4. Pratiques en mati\u00e8re de divulgation<\/strong><\/p>\n<p>Nous divulguons des informations personnelles si nous sommes tenus de le faire en vertu de la loi ou d&rsquo;une d\u00e9cision de justice, en r\u00e9ponse \u00e0 un organisme charg\u00e9 de l&rsquo;application de la loi, dans la mesure permise par d&rsquo;autres exigences l\u00e9gales, pour fournir des informations ou dans le cadre d&rsquo;une enqu\u00eate sur une question li\u00e9e \u00e0 la s\u00e9curit\u00e9 publique. Si notre site web ou notre organisation est rachet\u00e9, vendu ou impliqu\u00e9 dans une fusion ou une acquisition, vos informations peuvent \u00eatre divulgu\u00e9es \u00e0 nos conseillers et \u00e0 tout acheteur potentiel et seront transmises aux nouveaux propri\u00e9taires.<\/p>\n<p><strong>5. S\u00e9curit\u00e9 et protection de la vie priv\u00e9e<\/strong><\/p>\n<p>Nous nous engageons \u00e0 assurer la s\u00e9curit\u00e9 des donn\u00e9es \u00e0 caract\u00e8re personnel. Nous prenons des mesures de s\u00e9curit\u00e9 appropri\u00e9es pour limiter les abus et l&rsquo;acc\u00e8s non autoris\u00e9 aux donn\u00e9es \u00e0 caract\u00e8re personnel. Cela garantit que seules les personnes n\u00e9cessaires ont acc\u00e8s \u00e0 vos donn\u00e9es, que l&rsquo;acc\u00e8s aux donn\u00e9es est prot\u00e9g\u00e9 et que nos mesures de s\u00e9curit\u00e9 sont r\u00e9guli\u00e8rement r\u00e9vis\u00e9es.<\/p>\n<p><strong>6. Sites web de tiers<\/strong><\/p>\n<p>La pr\u00e9sente d\u00e9claration de confidentialit\u00e9 ne s&rsquo;applique pas aux sites web de tiers li\u00e9s \u00e0 notre site web. Nous ne pouvons pas garantir que ces tiers traitent vos donn\u00e9es personnelles de mani\u00e8re fiable et s\u00fbre. Nous vous conseillons de lire les d\u00e9clarations de confidentialit\u00e9 de ces sites web avant de les utiliser.<\/p>\n<p><strong>7. Modifications de la pr\u00e9sente politique de protection de la vie priv\u00e9e <\/strong><\/p>\n<p>Nous nous r\u00e9servons le droit de modifier la pr\u00e9sente d\u00e9claration de confidentialit\u00e9. Nous vous recommandons de consulter r\u00e9guli\u00e8rement cette d\u00e9claration de confidentialit\u00e9 afin de prendre connaissance de toute modification.<\/p>\n<p><strong>8. Acc\u00e8s et modification de vos donn\u00e9es<\/strong><\/p>\n<p>Veuillez noter qu&rsquo;en tant qu&rsquo;utilisateur, vous disposez des droits suivants:<\/p>\n<ul>\n<li>Droit de savoir quand vos donn\u00e9es personnelles sont n\u00e9cessaires, ce qu&rsquo;il en advient et combien de temps elles seront conserv\u00e9es;<\/li>\n<li>Droit d&rsquo;acc\u00e8s: vous avez le droit d&rsquo;acc\u00e9der \u00e0 vos donn\u00e9es personnelles dont nous avons connaissance;<\/li>\n<li>Droit de rectification: vous avez le droit de compl\u00e9ter, de corriger, de supprimer ou de bloquer vos donn\u00e9es personnelles quand vous le souhaitez;<\/li>\n<li>Droit de transf\u00e9rer vos donn\u00e9es: vous avez le droit de demander au responsable du traitement de vous communiquer toutes vos donn\u00e9es et de les transf\u00e9rer \u00e0 un autre responsable du traitement;<\/li>\n<li>Droit d&rsquo;opposition: vous avez le droit de vous opposer au traitement de vos donn\u00e9es. Nous respecterons ce choix, \u00e0 moins qu&rsquo;il n&rsquo;existe des motifs valables et l\u00e9gitimes de poursuivre le traitement;<\/li>\n<li>Droit d&rsquo;acc\u00e8s \u00e0 notre registre d&rsquo;entreprise indiquant les pays vers lesquels les donn\u00e9es personnelles sont transf\u00e9r\u00e9es;<\/li>\n<li>Droit d&rsquo;\u00eatre inform\u00e9 imm\u00e9diatement d&rsquo;une violation de la vie priv\u00e9e en vertu de la loi f\u00e9d\u00e9rale sur la protection des donn\u00e9es (LPD).<\/li>\n<\/ul>\n<p>Pour exercer ces droits, ou si vous avez d&rsquo;autres questions, veuillez nous contacter en utilisant les informations figurant \u00e0 la section 10 du pr\u00e9sent avis.<\/p>\n<p>Si vous avez des questions ou des probl\u00e8mes concernant l&rsquo;accessibilit\u00e9 du site web, n&rsquo;h\u00e9sitez pas \u00e0 nous contacter.<\/p>\n<p><strong>9. Plaintes<\/strong><\/p>\n<p>Si vous avez des probl\u00e8mes avec vos donn\u00e9es, veuillez nous contacter en utilisant les informations figurant au point 10 de la pr\u00e9sente politique. Si vous le jugez n\u00e9cessaire, vous avez \u00e9galement le droit de d\u00e9poser une plainte aupr\u00e8s de l&rsquo;autorit\u00e9 de contr\u00f4le de la protection des donn\u00e9es (PFPDT &#8211; \u00abPr\u00e9pos\u00e9 f\u00e9d\u00e9ral \u00e0 la protection des donn\u00e9es et \u00e0 la transparence\u00bb).<\/p>\n<p><strong>10. Coordonn\u00e9es du responsable du traitement des donn\u00e9es en vertu du RGPD <\/strong><\/p>\n<p><strong>BeSpace Group SA<\/strong><br>Via delle Scuole 13 &#8211; 6900 Paradiso &#8211; Suisse<br>T\u00e9l\u00e9phone: +41 (0) 91 985 90 70<br>Email: info@bespacegroup.com<\/p>\t\t\t\t\t\t\t\t<\/div>\n\t\t\t\t<\/div>\n\t\t\t\t\t<\/div>\n\t\t\t\t<\/div>\n\t\t\t\t<\/div>\n\t\t","protected":false},"excerpt":{"rendered":"<p>Privacy Policy Dans cette d\u00e9claration de confidentialit\u00e9, nous expliquons ce que nous faisons des donn\u00e9es que nous obtenons par l&rsquo;interm\u00e9diaire de https:\/\/behouse.ch.Nous vous conseillons de lire attentivement la d\u00e9claration. Lors du traitement, nous respectons les exigences de la l\u00e9gislation sur la protection de la vie priv\u00e9e (https:\/\/www.fedlex.admin.ch\/eli\/cc\/1993\/1945_1945_1945\/fr). Cela signifie, entre autres, que: Nous communiquons clairement [&hellip;]<\/p>\n","protected":false},"author":1,"featured_media":0,"parent":0,"menu_order":0,"comment_status":"closed","ping_status":"closed","template":"","meta":{"_acf_changed":false,"footnotes":""},"class_list":["post-199879","page","type-page","status-publish","hentry"],"acf":[],"_links":{"self":[{"href":"https:\/\/behouse.ch\/fr\/wp-json\/wp\/v2\/pages\/199879","targetHints":{"allow":["GET"]}}],"collection":[{"href":"https:\/\/behouse.ch\/fr\/wp-json\/wp\/v2\/pages"}],"about":[{"href":"https:\/\/behouse.ch\/fr\/wp-json\/wp\/v2\/types\/page"}],"author":[{"embeddable":true,"href":"https:\/\/behouse.ch\/fr\/wp-json\/wp\/v2\/users\/1"}],"replies":[{"embeddable":true,"href":"https:\/\/behouse.ch\/fr\/wp-json\/wp\/v2\/comments?post=199879"}],"version-history":[{"count":0,"href":"https:\/\/behouse.ch\/fr\/wp-json\/wp\/v2\/pages\/199879\/revisions"}],"wp:attachment":[{"href":"https:\/\/behouse.ch\/fr\/wp-json\/wp\/v2\/media?parent=199879"}],"curies":[{"name":"wp","href":"https:\/\/api.w.org\/{rel}","templated":true}]}}