{"id":199884,"date":"2024-12-11T15:19:07","date_gmt":"2024-12-11T14:19:07","guid":{"rendered":"https:\/\/behouse.ch\/?page_id=199884"},"modified":"2024-12-16T23:32:33","modified_gmt":"2024-12-16T22:32:33","slug":"privacy-policy","status":"publish","type":"page","link":"https:\/\/behouse.ch\/de\/privacy-policy\/","title":{"rendered":"Privacy Policy"},"content":{"rendered":"\t\t<div data-elementor-type=\"wp-page\" data-elementor-id=\"199884\" class=\"elementor elementor-199884 elementor-199805\" data-elementor-post-type=\"page\">\n\t\t\t\t<div class=\"elementor-element elementor-element-f735acf testo-policy e-flex e-con-boxed e-con e-parent\" data-id=\"f735acf\" data-element_type=\"container\">\n\t\t\t\t\t<div class=\"e-con-inner\">\n\t\t\t\t<div class=\"elementor-element elementor-element-4b7c127 elementor-widget elementor-widget-heading\" data-id=\"4b7c127\" data-element_type=\"widget\" data-widget_type=\"heading.default\">\n\t\t\t\t<div class=\"elementor-widget-container\">\n\t\t\t\t\t<h2 class=\"elementor-heading-title elementor-size-default\">Privacy Policy<\/h2>\t\t\t\t<\/div>\n\t\t\t\t<\/div>\n\t\t\t\t<div class=\"elementor-element elementor-element-5869c58 elementor-widget elementor-widget-text-editor\" data-id=\"5869c58\" data-element_type=\"widget\" data-widget_type=\"text-editor.default\">\n\t\t\t\t<div class=\"elementor-widget-container\">\n\t\t\t\t\t\t\t\t\t<p>In dieser Datenschutzerkl\u00e4rung erkl\u00e4ren wir, was wir mit Ihren Daten machen, die wir \u00fcber https:\/\/behouse.ch erhalten.<br \/>Wir empfehlen Ihnen, diese Erkl\u00e4rung sorgf\u00e4ltig zu lesen. Bei der Verarbeitung halten wir uns an die Anforderungen der Datenschutzgesetze (<a href=\"https:\/\/www.fedlex.admin.ch\/eli\/cc\/1993\/1945_1945_1945\/de\" target=\"_blank\" rel=\"noopener\">https:\/\/www.fedlex.admin.ch\/eli\/cc\/1993\/1945_1945_1945\/de<\/a>).<\/p><p>Dies bedeutet unter anderem, dass:<\/p><ul><li>Wir geben klar an, warum wir personenbezogene Daten verarbeiten. Dies tun wir mit dieser Datenschutzerkl\u00e4rung;<\/li><li>Wir bem\u00fchen uns, die Erhebung personenbezogener Daten auf die f\u00fcr rechtm\u00e4\u00dfige Zwecke erforderlichen Daten zu beschr\u00e4nken;<\/li><li>In den F\u00e4llen, in denen Ihre Zustimmung erforderlich ist, bitten wir Sie im Voraus um Ihre ausdr\u00fcckliche Zustimmung zur Verarbeitung Ihrer personenbezogenen Daten;<\/li><li>Wir ergreifen geeignete Sicherheitsma\u00dfnahmen zum Schutz Ihrer personenbezogenen Daten und verlangen dies auch von den Parteien, die personenbezogene Daten in unserem Auftrag verarbeiten;<\/li><li>Wir respektieren Ihr Recht, auf Ihre pers\u00f6nlichen Daten zuzugreifen oder sie auf Ihren Wunsch hin zu korrigieren oder zu l\u00f6schen.<\/li><\/ul><p>Wenn Sie Fragen haben oder genau wissen m\u00f6chten, welche Daten wir speichern, wenden Sie sich bitte an uns, indem Sie die Informationen in Abschnitt 10 dieses Hinweises verwenden.<\/p><p><strong>1. Zweck der Verarbeitung und Dauer der Datenspeicherung<\/strong><\/p><p>Wir k\u00f6nnen personenbezogene Daten f\u00fcr eine Vielzahl von Zwecken im Zusammenhang mit unserer Gesch\u00e4ftst\u00e4tigkeit sammeln oder erhalten, darunter auch die folgenden:<\/p><p><strong>1.1 Kontakt &#8211; per Telefon, Post, E-Mail und\/oder Webformular<\/strong><\/p><p>Zu diesem Zweck verwenden wir die folgenden Daten:<\/p><ul><li>Ein name und ein Nachname<\/li><li>Eine E-Mail Adresse<\/li><li>Eine Rufnummer<\/li><li>Informationen \u00fcber Internetaktivit\u00e4ten, einschlie\u00dflich, aber nicht beschr\u00e4nkt auf den Browserverlauf, den Suchverlauf und Informationen \u00fcber die Interaktion eines Nutzers mit einer Internet-Website, einer Anwendung oder einer Werbung<\/li><\/ul><p><strong>Die Grundlage, auf der wir Daten verarbeiten, ist:<\/strong><\/p><p>Mit Zustimmung.<\/p><p><strong>Dauer der Lagerung<\/strong><\/p><p>Wir bewahren diese Daten bis zum Ende des Dienstes auf.<\/p><p><strong>1.2 Newsletter<\/strong><\/p><p>Zu diesem Zweck verwenden wir die folgenden Daten:<\/p><ul><li>Eine E-Mail Adresse<\/li><li>Informationen \u00fcber Internetaktivit\u00e4ten, einschlie\u00dflich, aber nicht beschr\u00e4nkt auf den Browserverlauf, den Suchverlauf und Informationen \u00fcber die Interaktion eines Nutzers mit einer Internet-Website, einer Anwendung oder einer Werbung<\/li><\/ul><p><strong>Die Grundlage, auf der wir Daten verarbeiten, ist:<\/strong><\/p><p>Mit Zustimmung.<\/p><p><strong>Dauer der Lagerung<\/strong><\/p><p>Wir bewahren die erhobenen Daten bis zum Widerruf der Einwilligung auf.<\/p><p><strong>1.3 F\u00fcr Unterst\u00fctzung im Zusammenhang mit Dienstleistungen oder Produkten, die ein Kunde kaufen m\u00f6chte oder bereits gekauft hat<\/strong><\/p><p>Zu diesem Zweck verwenden wir die folgenden Daten:<\/p><ul><li>Ein Name und ein Nachname<\/li><li>Eine E-Mail Adresse<\/li><li>Eine Rufnummer<\/li><li>Informationen \u00fcber Internetaktivit\u00e4ten, einschlie\u00dflich, aber nicht beschr\u00e4nkt auf den Browserverlauf, den Suchverlauf und Informationen \u00fcber die Interaktion eines Nutzers mit einer Internet-Website, einer Anwendung oder einer Werbung<\/li><\/ul><p><strong>Die Grundlage, auf der wir Daten verarbeiten, ist:<\/strong><\/p><p>Mit Zustimmung.<\/p><p><strong>Dauer der Lagerung<\/strong><\/p><p>Wir bewahren diese Daten bis zum Ende des Dienstes auf.<\/p><p><strong>1.4 Um den gesetzlichen Verpflichtungen nachkommen zu k\u00f6nnen<\/strong><\/p><p>Zu diesem Zweck verwenden wir die folgenden Daten:<\/p><ul><li>IP-Adresse<\/li><li>Informationen \u00fcber Internetaktivit\u00e4ten, einschlie\u00dflich, aber nicht beschr\u00e4nkt auf den Browserverlauf, den Suchverlauf und Informationen \u00fcber die Interaktion eines Nutzers mit einer Internet-Website, einer Anwendung oder einer Werbung<\/li><li>Geolokalisierungsdaten<\/li><\/ul><p><strong>Die Grundlage, auf der wir Daten verarbeiten, ist:<\/strong><\/p><p>Zur Erf\u00fcllung einer gesetzlichen oder beh\u00f6rdlichen Verpflichtung.<\/p><p><strong>Dauer der Lagerung<\/strong><\/p><p>Wir bewahren die gesammelten Daten auf, bis die Einwilligung widerrufen wird. Wir k\u00f6nnen verpflichtet sein, gesammelte personenbezogene Daten f\u00fcr einen l\u00e4ngeren Zeitraum aufzubewahren, um einer gesetzlichen Verpflichtung nachzukommen.<\/p><p><strong>1.5 Zusammenstellung und Analyse von Statistiken zur Verbesserung der Website<\/strong><\/p><p>Zu diesem Zweck verwenden wir die folgenden Daten:<\/p><ul><li>IP-Adresse<\/li><li>Informationen \u00fcber Internetaktivit\u00e4ten, einschlie\u00dflich, aber nicht beschr\u00e4nkt auf den Browserverlauf, den Suchverlauf und Informationen \u00fcber die Interaktion eines Nutzers mit einer Internet-Website, einer Anwendung oder einer Werbung<\/li><li>Geolokalisierungsdaten<\/li><\/ul><p><strong>Die Grundlage, auf der wir Daten verarbeiten, ist:<\/strong><\/p><p>Mit Zustimmung.<\/p><p><strong>Dauer der Lagerung<\/strong><\/p><p>Wir bewahren die erhobenen Daten bis zum Widerruf der Einwilligung auf.<\/p><p><strong>2. Gemeinsame Nutzung mit anderen Parteien<\/strong><\/p><p>Wir geben diese Daten nur an Auftragsverarbeiter und andere Dritte weiter, f\u00fcr die eine Zustimmung eingeholt werden muss.<\/p><p><strong>Name:<\/strong>\u00a0Google<br \/><strong>Land:<\/strong>\u00a0Irland &#8211; Vereinigte Staaten<br \/><strong>Zweck:<\/strong> Statistik (Google Analytics)<\/p><p><strong>Name:<\/strong>\u00a0Mailchimp<br \/><strong>Land:<\/strong>\u00a0Vereinigte Staaten<br \/><strong>Zweck:<\/strong> Newsletter<\/p><p><strong>3. Cookies<\/strong><\/p><p>Unsere Website verwendet Cookies. F\u00fcr weitere Informationen lesen Sie bitte unsere <a href=\"\/de\/cookie-policy\" target=\"_blank\" rel=\"noopener\">Cookie-Richtlinie<\/a>.<\/p><p><strong>4. Praktiken der Offenlegung<\/strong><\/p><p>Wir geben personenbezogene Daten weiter, wenn wir gesetzlich oder per Gerichtsbeschluss dazu verpflichtet sind, als Reaktion auf eine Strafverfolgungsbeh\u00f6rde, in dem Ma\u00dfe, in dem andere gesetzliche Bestimmungen dies zulassen, zur Bereitstellung von Informationen oder zur Untersuchung einer Angelegenheit, die die \u00f6ffentliche Sicherheit betrifft. Wenn unsere Website oder Organisation \u00fcbernommen, verkauft oder in eine Fusion oder \u00dcbernahme verwickelt wird, k\u00f6nnen Ihre Daten unseren Beratern und potenziellen K\u00e4ufern offengelegt und an die neuen Eigent\u00fcmer weitergegeben werden.<\/p><p><strong>5. Sicherheit und Datenschutz<\/strong><\/p><p>Wir verpflichten uns zur Sicherheit der personenbezogenen Daten. Wir ergreifen geeignete Sicherheitsma\u00dfnahmen, um den Missbrauch und den unbefugten Zugriff auf personenbezogene Daten zu begrenzen. Dadurch wird sichergestellt, dass nur die erforderlichen Personen Zugang zu Ihren Daten haben, dass der Zugang zu den Daten gesch\u00fctzt ist und dass unsere Sicherheitsma\u00dfnahmen regelm\u00e4\u00dfig \u00fcberpr\u00fcft werden.<\/p><p><strong>6. Websites von Dritten<\/strong><\/p><p>Diese Datenschutzerkl\u00e4rung gilt nicht f\u00fcr Websites Dritter, die mit unserer Website verlinkt sind. Wir k\u00f6nnen nicht garantieren, dass diese Dritten Ihre pers\u00f6nlichen Daten zuverl\u00e4ssig und sicher behandeln. Wir empfehlen Ihnen, die Datenschutzerkl\u00e4rungen dieser Websites zu lesen, bevor Sie sie nutzen.<\/p><p><strong>7. \u00c4nderungen an dieser Datenschutzrichtlinie<\/strong><\/p><p>Wir behalten uns das Recht vor, \u00c4nderungen an dieser Datenschutzerkl\u00e4rung vorzunehmen. Wir empfehlen Ihnen, diese Datenschutzerkl\u00e4rung regelm\u00e4\u00dfig zu lesen, damit Sie \u00fcber etwaige \u00c4nderungen informiert sind.<\/p><p><strong>8. Zugang zu Ihren Daten und deren \u00c4nderung <\/strong><\/p><p>Bitte beachten Sie, dass Sie als Benutzer die folgenden Rechte haben:<\/p><ul><li>Sie haben das Recht zu erfahren, wann Ihre personenbezogenen Daten ben\u00f6tigt werden, was mit ihnen geschieht und wie lange sie aufbewahrt werden;<\/li><li>Auskunftsrecht: Sie haben das Recht auf Auskunft \u00fcber Ihre personenbezogenen Daten, von denen wir Kenntnis haben;<\/li><li>Recht auf Berichtigung: Sie haben das Recht, Ihre personenbezogenen Daten zu erg\u00e4nzen, zu berichtigen, zu l\u00f6schen oder zu sperren, wann immer Sie dies w\u00fcnschen;<\/li><li>Recht auf \u00dcbermittlung Ihrer Daten: Sie haben das Recht, alle Ihre Daten von dem f\u00fcr die Verarbeitung Verantwortlichen anzufordern und sie an einen anderen f\u00fcr die Verarbeitung Verantwortlichen zu \u00fcbermitteln;<\/li><li>Recht auf Widerspruch: Sie haben das Recht, der Verarbeitung Ihrer Daten zu widersprechen. Wir werden dieses Recht respektieren, es sei denn, es liegen triftige und legitime Gr\u00fcnde vor, die uns veranlassen, die Verarbeitung fortzusetzen.<\/li><li>Recht auf Einsicht in unser Unternehmensregister mit Angabe der L\u00e4nder, in die personenbezogene Daten \u00fcbermittelt werden;<\/li><li>Recht auf unverz\u00fcgliche Unterrichtung \u00fcber eine Verletzung des Datenschutzes gem\u00e4\u00df dem Bundesdatenschutzgesetz (BDSG).<\/li><\/ul><p>Wenn Sie diese Rechte aus\u00fcben m\u00f6chten oder andere Fragen haben, wenden Sie sich bitte an uns, wie in Abschnitt 10 dieser Mitteilung beschrieben.<\/p><p>Sollten Sie Fragen oder Probleme mit der Zug\u00e4nglichkeit der Website haben, z\u00f6gern Sie bitte nicht, uns zu kontaktieren.<\/p><p><strong>9. Beanstandungen<\/strong><\/p><p>Wenn Sie Probleme mit Ihren Daten haben, wenden Sie sich bitte an uns, indem Sie die Informationen in Abschnitt 10 dieser Richtlinie nutzen. Falls Sie es f\u00fcr notwendig erachten, haben Sie auch das Recht, eine Beschwerde bei der Datenschutzaufsichtsbeh\u00f6rde (ED\u00d6B &#8211; &#8222;Eidgen\u00f6ssischer Datenschutz- und \u00d6ffentlichkeitsbeauftragter&#8220;) einzureichen.<\/p><p><strong>10. Kontaktdaten des f\u00fcr die Verarbeitung Verantwortlichen im Sinne des Datenschutzgesetzes<\/strong><\/p><p><strong>BeSpace Group SA<\/strong><br \/>Via delle Scuole 13 &#8211; 6900 Paradiso &#8211; Schweiz<br \/>Telefone: +41 (0) 91 985 90 70<br \/>Email: info@bespacegroup.com<\/p>\t\t\t\t\t\t\t\t<\/div>\n\t\t\t\t<\/div>\n\t\t\t\t\t<\/div>\n\t\t\t\t<\/div>\n\t\t\t\t<\/div>\n\t\t","protected":false},"excerpt":{"rendered":"<p>Privacy Policy In dieser Datenschutzerkl\u00e4rung erkl\u00e4ren wir, was wir mit Ihren Daten machen, die wir \u00fcber https:\/\/behouse.ch erhalten.Wir empfehlen Ihnen, diese Erkl\u00e4rung sorgf\u00e4ltig zu lesen. Bei der Verarbeitung halten wir uns an die Anforderungen der Datenschutzgesetze (https:\/\/www.fedlex.admin.ch\/eli\/cc\/1993\/1945_1945_1945\/de). Dies bedeutet unter anderem, dass: Wir geben klar an, warum wir personenbezogene Daten verarbeiten. Dies tun wir mit [&hellip;]<\/p>\n","protected":false},"author":1,"featured_media":0,"parent":0,"menu_order":0,"comment_status":"closed","ping_status":"closed","template":"","meta":{"_acf_changed":false,"footnotes":""},"class_list":["post-199884","page","type-page","status-publish","hentry"],"acf":[],"_links":{"self":[{"href":"https:\/\/behouse.ch\/de\/wp-json\/wp\/v2\/pages\/199884","targetHints":{"allow":["GET"]}}],"collection":[{"href":"https:\/\/behouse.ch\/de\/wp-json\/wp\/v2\/pages"}],"about":[{"href":"https:\/\/behouse.ch\/de\/wp-json\/wp\/v2\/types\/page"}],"author":[{"embeddable":true,"href":"https:\/\/behouse.ch\/de\/wp-json\/wp\/v2\/users\/1"}],"replies":[{"embeddable":true,"href":"https:\/\/behouse.ch\/de\/wp-json\/wp\/v2\/comments?post=199884"}],"version-history":[{"count":0,"href":"https:\/\/behouse.ch\/de\/wp-json\/wp\/v2\/pages\/199884\/revisions"}],"wp:attachment":[{"href":"https:\/\/behouse.ch\/de\/wp-json\/wp\/v2\/media?parent=199884"}],"curies":[{"name":"wp","href":"https:\/\/api.w.org\/{rel}","templated":true}]}}