{"id":199860,"date":"2024-12-11T15:17:04","date_gmt":"2024-12-11T14:17:04","guid":{"rendered":"https:\/\/behouse.ch\/?page_id=199860"},"modified":"2024-12-16T23:32:32","modified_gmt":"2024-12-16T22:32:32","slug":"cookie-policy","status":"publish","type":"page","link":"https:\/\/behouse.ch\/de\/cookie-policy\/","title":{"rendered":"Cookie Policy"},"content":{"rendered":"\t\t<div data-elementor-type=\"wp-page\" data-elementor-id=\"199860\" class=\"elementor elementor-199860 elementor-199803\" data-elementor-post-type=\"page\">\n\t\t\t\t<div class=\"elementor-element elementor-element-2d7df23 testo-policy e-flex e-con-boxed e-con e-parent\" data-id=\"2d7df23\" data-element_type=\"container\">\n\t\t\t\t\t<div class=\"e-con-inner\">\n\t\t\t\t<div class=\"elementor-element elementor-element-0523234 elementor-widget elementor-widget-heading\" data-id=\"0523234\" data-element_type=\"widget\" data-widget_type=\"heading.default\">\n\t\t\t\t<div class=\"elementor-widget-container\">\n\t\t\t\t\t<h2 class=\"elementor-heading-title elementor-size-default\">Cookie Policy<\/h2>\t\t\t\t<\/div>\n\t\t\t\t<\/div>\n\t\t\t\t<div class=\"elementor-element elementor-element-2d03a1a elementor-widget elementor-widget-text-editor\" data-id=\"2d03a1a\" data-element_type=\"widget\" data-widget_type=\"text-editor.default\">\n\t\t\t\t<div class=\"elementor-widget-container\">\n\t\t\t\t\t\t\t\t\t<p><strong>1. Einf\u00fchrung<\/strong><\/p><p>Unsere Website &#8211; https:\/\/behouse.ch (die &#8222;Website&#8220;) &#8211; verwendet Cookies und andere damit verbundene Technologien (der Einfachheit halber werden alle Technologien als &#8222;Cookies&#8220; bezeichnet). Im Folgenden wird unsere Politik bez\u00fcglich der Verwendung von Cookies auf der Website dargelegt.<\/p><p><strong>2. Was sind Cookies<\/strong><\/p><p>Cookies sind einfache Dateien, die mit den Seiten dieser Website gesendet und von Ihrem Browser auf der Festplatte Ihres Computers oder eines anderen Ger\u00e4ts gespeichert werden. Die in ihnen enthaltenen Informationen k\u00f6nnen bei sp\u00e4teren Besuchen an unsere Server oder an die Server Dritter zur\u00fcckgesandt werden.<\/p><p><strong>3. Was sind Skripte<\/strong><\/p><p>Ein Skript ist ein Teil des Codes, der dazu dient, dass unsere Website ordnungsgem\u00e4\u00df und interaktiv funktioniert. Dieser Code wird auf unseren Servern oder auf Ihrem Ger\u00e4t ausgef\u00fchrt.<\/p><p><strong>4. Was ist ein Web-Beacon?<\/strong><\/p><p>Ein Web-Beacon (oder Pixel-Tag) ist ein kleines, unsichtbares St\u00fcck Text oder Bild auf einer Website, das zur \u00dcberwachung des Website-Verkehrs oder zur Verfolgung von Benutzeraktionen verwendet wird.<\/p><p><strong>5. Auf unserer Website verwendete Cookies<\/strong><\/p><div class=\"cky-audit-table-element\">\u00a0<\/div><p><strong>6. Einverst\u00e4ndnis<\/strong><\/p><p>Wenn Sie die Website zum ersten Mal besuchen, zeigen wir Ihnen ein Popup-Fenster mit einer Erkl\u00e4rung zu Cookies. Wenn Sie auf &#8222;Alle akzeptieren&#8220; klicken, geben Sie uns die Erlaubnis, alle in Abschnitt 5 dieser Erkl\u00e4rung aufgef\u00fchrten Kategorien von Cookies zu verwenden. Wenn Sie auf &#8222;Alle ablehnen&#8220; klicken, werden keine Cookies installiert, mit Ausnahme der notwendigen Cookies. Sie k\u00f6nnen Ihre Cookie-Einstellungen jederzeit \u00e4ndern. Sie k\u00f6nnen Ihre Auswahl speichern, indem Sie auf die Schaltfl\u00e4che &#8222;Meine Einstellungen speichern&#8220; klicken. Dadurch werden nur Cookies aus den ausgew\u00e4hlten Kategorien installiert.<\/p><p>Sie k\u00f6nnen Cookies auch global \u00fcber Ihren Browser deaktivieren, aber beachten Sie bitte, dass unsere Website dann m\u00f6glicherweise nicht mehr richtig funktioniert.<\/p><p><strong>Verwalten Sie Ihre Einwilligungseinstellungen<\/strong><\/p><p>Sie k\u00f6nnen Ihre Cookie-Einstellungen jederzeit \u00e4ndern, indem Sie auf die Schaltfl\u00e4che unten klicken. Auf diese Weise k\u00f6nnen Sie das Cookie-Einwilligungsbanner erneut aufrufen und Ihre Einstellungen \u00e4ndern oder Ihre Einwilligung sofort widerrufen.<\/p><p><a class=\"cky-banner-element\">Cookie Einstellungen<\/a><\/p><p><strong>7. Aktivieren, Deaktivieren und L\u00f6schen von Cookies<\/strong><\/p><p>Sie k\u00f6nnen Ihre Browsereinstellungen \u00e4ndern, um bestimmte Cookies zu blockieren oder alle in Ihrem Browser installierten Cookies zu l\u00f6schen. Das Verfahren zur Verwaltung der Einstellungen ist f\u00fcr jeden Browser unterschiedlich. Klicken Sie auf den Link f\u00fcr Ihren Browser, um Anweisungen zu erhalten.<\/p><p>Chrome:\u00a0<a href=\"https:\/\/support.google.com\/accounts\/answer\/32050\" target=\"_blank\" rel=\"noopener\">https:\/\/support.google.com\/accounts\/answer\/32050<\/a><\/p><p>Safari:\u00a0<a href=\"https:\/\/support.apple.com\/de-de\/guide\/safari\/sfri11471\/mac\" target=\"_blank\" rel=\"noopener\">https:\/\/support.apple.com\/de-de\/guide\/safari\/sfri11471\/mac<\/a><\/p><p>Firefox:\u00a0<a href=\"https:\/\/support.mozilla.org\/de\/kb\/cookies-und-website-daten-in-firefox-loschen?redirectslug=delete-cookies-remove-info-websites-stored&amp;amp%3Bredirectlocale=de-DE\" target=\"_blank\" rel=\"noopener\">https:\/\/support.mozilla.org\/de\/kb\/cookies-und-website-daten-in-firefox-loschen?redirectslug=delete-cookies-remove-info-websites-stored&amp;amp%3Bredirectlocale=de-DE<\/a><\/p><p>Internet Explorer:\u00a0<a href=\"https:\/\/support.microsoft.com\/de-de\/topic\/l%C3%B6schen-von-cookiedateien-in-internet-explorer-bca9446f-d873-78de-77ba-d42645fa52fc\" target=\"_blank\" rel=\"noopener\">https:\/\/support.microsoft.com\/de-de\/topic\/l%C3%B6schen-von-cookiedateien-in-internet-explorer-bca9446f-d873-78de-77ba-d42645fa52fc<\/a><\/p><p>Wenn Sie einen anderen Webbrowser verwenden, konsultieren Sie bitte die offizielle Support-Dokumentation Ihres Browsers.<br \/>Wenn Sie die Cookies in Ihrem Browser l\u00f6schen, werden sie bei Ihrem n\u00e4chsten Besuch auf unserer Website erneut installiert, sofern Sie dem zustimmen.<\/p><p><strong>8. Ihre Rechte in Bezug auf personenbezogene Daten<\/strong><\/p><p>Sie haben die folgenden Rechte in Bezug auf Ihre personenbezogenen Daten:<\/p><ul><li>Sie haben das Recht zu erfahren, wann Ihre personenbezogenen Daten ben\u00f6tigt werden, wie sie verwendet werden und wie lange sie gespeichert werden;<\/li><li>Recht auf Zugang: Sie haben das Recht auf Zugang zu den personenbezogenen Daten, die wir \u00fcber Sie gespeichert haben;<\/li><li>Recht auf Berichtigung: Sie haben jederzeit das Recht auf Vervollst\u00e4ndigung, Berichtigung, L\u00f6schung oder Sperrung Ihrer personenbezogenen Daten;<\/li><li>Recht auf Daten\u00fcbertragbarkeit: Sie haben das Recht, von dem f\u00fcr die Verarbeitung Verantwortlichen alle Ihre Daten zu erhalten und sie an einen anderen f\u00fcr die Verarbeitung Verantwortlichen zu \u00fcbertragen;<\/li><li>Recht auf Widerspruch: Sie haben das Recht, der Verarbeitung Ihrer Daten zu widersprechen. Wir werden diese Wahl respektieren, es sei denn, es gibt eine g\u00fcltige und legitime Grundlage, die uns zwingt oder erlaubt, die Verarbeitung fortzusetzen;<\/li><li>Das Recht auf Zugang zu unserem Unternehmensregister, in dem die L\u00e4nder aufgef\u00fchrt sind, in die personenbezogene Daten \u00fcbermittelt werden;<\/li><li>Das Recht, unverz\u00fcglich \u00fcber jede Verletzung der Privatsph\u00e4re im Sinne des Datenschutzgesetzes informiert zu werden.<\/li><\/ul><p>Um diese Rechte auszu\u00fcben oder wenn Sie andere Fragen haben, wenden Sie sich bitte an uns unter Verwendung der Informationen in Abschnitt 10 dieser Richtlinie. Wenn Sie Probleme im Zusammenhang mit Ihren Daten haben, wenden Sie sich bitte an uns. Falls Sie es f\u00fcr notwendig erachten, haben Sie auch das Recht, eine Beschwerde beim Eidgen\u00f6ssischen Datenschutz- und \u00d6ffentlichkeitsbeauftragten (ED\u00d6B) einzureichen.<\/p><p><strong>9. Kontaktangaben Privacy Data Controller gem\u00e4ss DSG<\/strong><\/p><p><strong>BeSpace Group SA<\/strong><br \/>Via delle Scuole 13 &#8211; 6900 Paradiso &#8211; Schweiz<br \/>Telefon: +41 (0) 91 985 90 70<br \/>Email: info@bespacegroup.com<\/p>\t\t\t\t\t\t\t\t<\/div>\n\t\t\t\t<\/div>\n\t\t\t\t\t<\/div>\n\t\t\t\t<\/div>\n\t\t\t\t<\/div>\n\t\t","protected":false},"excerpt":{"rendered":"<p>Cookie Policy 1. Einf\u00fchrung Unsere Website &#8211; https:\/\/behouse.ch (die &#8222;Website&#8220;) &#8211; verwendet Cookies und andere damit verbundene Technologien (der Einfachheit halber werden alle Technologien als &#8222;Cookies&#8220; bezeichnet). Im Folgenden wird unsere Politik bez\u00fcglich der Verwendung von Cookies auf der Website dargelegt. 2. Was sind Cookies Cookies sind einfache Dateien, die mit den Seiten dieser Website [&hellip;]<\/p>\n","protected":false},"author":1,"featured_media":0,"parent":0,"menu_order":0,"comment_status":"closed","ping_status":"closed","template":"","meta":{"_acf_changed":false,"footnotes":""},"class_list":["post-199860","page","type-page","status-publish","hentry"],"acf":[],"_links":{"self":[{"href":"https:\/\/behouse.ch\/de\/wp-json\/wp\/v2\/pages\/199860","targetHints":{"allow":["GET"]}}],"collection":[{"href":"https:\/\/behouse.ch\/de\/wp-json\/wp\/v2\/pages"}],"about":[{"href":"https:\/\/behouse.ch\/de\/wp-json\/wp\/v2\/types\/page"}],"author":[{"embeddable":true,"href":"https:\/\/behouse.ch\/de\/wp-json\/wp\/v2\/users\/1"}],"replies":[{"embeddable":true,"href":"https:\/\/behouse.ch\/de\/wp-json\/wp\/v2\/comments?post=199860"}],"version-history":[{"count":0,"href":"https:\/\/behouse.ch\/de\/wp-json\/wp\/v2\/pages\/199860\/revisions"}],"wp:attachment":[{"href":"https:\/\/behouse.ch\/de\/wp-json\/wp\/v2\/media?parent=199860"}],"curies":[{"name":"wp","href":"https:\/\/api.w.org\/{rel}","templated":true}]}}