{"id":151624,"date":"2024-10-11T08:58:42","date_gmt":"2024-10-11T06:58:42","guid":{"rendered":"https:\/\/behouse.ch\/?page_id=151624"},"modified":"2025-01-01T19:18:33","modified_gmt":"2025-01-01T18:18:33","slug":"kontakt","status":"publish","type":"page","link":"https:\/\/behouse.ch\/de\/kontakt\/","title":{"rendered":"Kontakt"},"content":{"rendered":"\t\t<div data-elementor-type=\"wp-page\" data-elementor-id=\"151624\" class=\"elementor elementor-151624 elementor-189\" data-elementor-post-type=\"page\">\n\t\t\t\t<div data-dce-background-overlay-color=\"#19354D\" data-dce-background-image-url=\"https:\/\/behouse.ch\/wp-content\/uploads\/2024\/10\/img-contatti-cover.jpg\" class=\"elementor-element elementor-element-f11a314 animated-fast e-flex e-con-boxed elementor-invisible e-con e-parent\" data-id=\"f11a314\" data-element_type=\"container\" data-settings=\"{&quot;background_background&quot;:&quot;classic&quot;,&quot;animation&quot;:&quot;fadeIn&quot;}\">\n\t\t\t\t\t<div class=\"e-con-inner\">\n\t\t\t\t<div class=\"elementor-element elementor-element-631b734 elementor-widget elementor-widget-heading\" data-id=\"631b734\" data-element_type=\"widget\" data-widget_type=\"heading.default\">\n\t\t\t\t<div class=\"elementor-widget-container\">\n\t\t\t\t\t<h2 class=\"elementor-heading-title elementor-size-default\">Kontakt<\/h2>\t\t\t\t<\/div>\n\t\t\t\t<\/div>\n\t\t\t\t<div class=\"elementor-element elementor-element-f63d62c elementor-widget elementor-widget-heading\" data-id=\"f63d62c\" data-element_type=\"widget\" data-widget_type=\"heading.default\">\n\t\t\t\t<div class=\"elementor-widget-container\">\n\t\t\t\t\t<h2 class=\"elementor-heading-title elementor-size-default\">Brauchen Sie <b>Informationen<\/b>?<\/h2>\t\t\t\t<\/div>\n\t\t\t\t<\/div>\n\t\t\t\t\t<\/div>\n\t\t\t\t<\/div>\n\t\t<div class=\"elementor-element elementor-element-9d5454e e-flex e-con-boxed e-con e-parent\" data-id=\"9d5454e\" data-element_type=\"container\">\n\t\t\t\t\t<div class=\"e-con-inner\">\n\t\t\t\t<div class=\"elementor-element elementor-element-41b4643 elementor-widget elementor-widget-heading\" data-id=\"41b4643\" data-element_type=\"widget\" data-widget_type=\"heading.default\">\n\t\t\t\t<div class=\"elementor-widget-container\">\n\t\t\t\t\t<h2 class=\"elementor-heading-title elementor-size-default\">Wo wir sind<\/h2>\t\t\t\t<\/div>\n\t\t\t\t<\/div>\n\t\t\t\t<div class=\"elementor-element elementor-element-c4d1ce6 elementor-widget elementor-widget-heading\" data-id=\"c4d1ce6\" data-element_type=\"widget\" data-widget_type=\"heading.default\">\n\t\t\t\t<div class=\"elementor-widget-container\">\n\t\t\t\t\t<h2 class=\"elementor-heading-title elementor-size-default\">Unser <b>Standort<\/b>.<\/h2>\t\t\t\t<\/div>\n\t\t\t\t<\/div>\n\t\t\t\t\t<\/div>\n\t\t\t\t<\/div>\n\t\t<div class=\"elementor-element elementor-element-e378e48 e-flex e-con-boxed e-con e-parent\" data-id=\"e378e48\" data-element_type=\"container\">\n\t\t\t\t\t<div class=\"e-con-inner\">\n\t\t<div class=\"elementor-element elementor-element-c0240c0 e-con-full e-flex e-con e-child\" data-id=\"c0240c0\" data-element_type=\"container\">\n\t\t<div data-dce-background-image-url=\"https:\/\/behouse.ch\/wp-content\/uploads\/2024\/10\/img-contatti-mappa.jpg\" class=\"elementor-element elementor-element-b724655 e-con-full e-flex e-con e-child\" data-id=\"b724655\" data-element_type=\"container\" data-settings=\"{&quot;background_background&quot;:&quot;classic&quot;}\">\n\t\t\t\t<\/div>\n\t\t\t\t<\/div>\n\t\t<div class=\"elementor-element elementor-element-ef0e505 e-con-full e-flex e-con e-child\" data-id=\"ef0e505\" data-element_type=\"container\">\n\t\t<div class=\"elementor-element elementor-element-e20f6ff e-con-full e-flex e-con e-child\" data-id=\"e20f6ff\" data-element_type=\"container\">\n\t\t\t\t<div class=\"elementor-element elementor-element-a7486a2 elementor-widget elementor-widget-heading\" data-id=\"a7486a2\" data-element_type=\"widget\" data-widget_type=\"heading.default\">\n\t\t\t\t<div class=\"elementor-widget-container\">\n\t\t\t\t\t<h2 class=\"elementor-heading-title elementor-size-default\">Rechtssitz und Gesch\u00e4ftssitz<\/h2>\t\t\t\t<\/div>\n\t\t\t\t<\/div>\n\t\t\t\t<div class=\"elementor-element elementor-element-a80ec13 elementor-widget elementor-widget-text-editor\" data-id=\"a80ec13\" data-element_type=\"widget\" data-widget_type=\"text-editor.default\">\n\t\t\t\t<div class=\"elementor-widget-container\">\n\t\t\t\t\t\t\t\t\t<p>Via Borgo, 24 &#8211; 6612 Ascona &#8211; Schweiz<\/p>\t\t\t\t\t\t\t\t<\/div>\n\t\t\t\t<\/div>\n\t\t\t\t<div class=\"elementor-element elementor-element-fd760a7 elementor-widget-divider--view-line elementor-widget elementor-widget-divider\" data-id=\"fd760a7\" data-element_type=\"widget\" data-widget_type=\"divider.default\">\n\t\t\t\t<div class=\"elementor-widget-container\">\n\t\t\t\t\t\t\t<div class=\"elementor-divider\">\n\t\t\t<span class=\"elementor-divider-separator\">\n\t\t\t\t\t\t<\/span>\n\t\t<\/div>\n\t\t\t\t\t\t<\/div>\n\t\t\t\t<\/div>\n\t\t\t\t<div class=\"elementor-element elementor-element-6f5280a elementor-widget elementor-widget-heading\" data-id=\"6f5280a\" data-element_type=\"widget\" data-widget_type=\"heading.default\">\n\t\t\t\t<div class=\"elementor-widget-container\">\n\t\t\t\t\t<h2 class=\"elementor-heading-title elementor-size-default\">B\u00fcroadresse<\/h2>\t\t\t\t<\/div>\n\t\t\t\t<\/div>\n\t\t\t\t<div class=\"elementor-element elementor-element-42f4dde elementor-widget elementor-widget-text-editor\" data-id=\"42f4dde\" data-element_type=\"widget\" data-widget_type=\"text-editor.default\">\n\t\t\t\t<div class=\"elementor-widget-container\">\n\t\t\t\t\t\t\t\t\t<p>Via delle Scuole, 13 &#8211; 6900 Paradiso &#8211; Schweiz<\/p>\t\t\t\t\t\t\t\t<\/div>\n\t\t\t\t<\/div>\n\t\t\t\t<div class=\"elementor-element elementor-element-adb57ec elementor-widget-divider--view-line elementor-widget elementor-widget-divider\" data-id=\"adb57ec\" data-element_type=\"widget\" data-widget_type=\"divider.default\">\n\t\t\t\t<div class=\"elementor-widget-container\">\n\t\t\t\t\t\t\t<div class=\"elementor-divider\">\n\t\t\t<span class=\"elementor-divider-separator\">\n\t\t\t\t\t\t<\/span>\n\t\t<\/div>\n\t\t\t\t\t\t<\/div>\n\t\t\t\t<\/div>\n\t\t\t\t<div class=\"elementor-element elementor-element-9d118a9 elementor-icon-list--layout-inline elementor-list-item-link-full_width elementor-widget elementor-widget-icon-list\" data-id=\"9d118a9\" data-element_type=\"widget\" data-widget_type=\"icon-list.default\">\n\t\t\t\t<div class=\"elementor-widget-container\">\n\t\t\t\t\t\t\t<ul class=\"elementor-icon-list-items elementor-inline-items\">\n\t\t\t\t\t\t\t<li class=\"elementor-icon-list-item elementor-inline-item\">\n\t\t\t\t\t\t\t\t\t\t\t<span class=\"elementor-icon-list-icon\">\n\t\t\t\t\t\t\t<svg xmlns=\"http:\/\/www.w3.org\/2000\/svg\" xmlns:xlink=\"http:\/\/www.w3.org\/1999\/xlink\" id=\"Capa_1\" x=\"0px\" y=\"0px\" viewBox=\"0 0 512 512\" style=\"enable-background:new 0 0 512 512;\" xml:space=\"preserve\"><g>\t<g>\t\t<path d=\"M507.49,101.721L352.211,256L507.49,410.279c2.807-5.867,4.51-12.353,4.51-19.279V121   C512,114.073,510.297,107.588,507.49,101.721z\"><\/path>\t<\/g><\/g><g>\t<g>\t\t<path d=\"M467,76H45c-6.927,0-13.412,1.703-19.279,4.51l198.463,197.463c17.548,17.548,46.084,17.548,63.632,0L486.279,80.51   C480.412,77.703,473.927,76,467,76z\"><\/path>\t<\/g><\/g><g>\t<g>\t\t<path d=\"M4.51,101.721C1.703,107.588,0,114.073,0,121v270c0,6.927,1.703,13.413,4.51,19.279L159.789,256L4.51,101.721z\"><\/path>\t<\/g><\/g><g>\t<g>\t\t<path d=\"M331,277.211l-21.973,21.973c-29.239,29.239-76.816,29.239-106.055,0L181,277.211L25.721,431.49   C31.588,434.297,38.073,436,45,436h422c6.927,0,13.412-1.703,19.279-4.51L331,277.211z\"><\/path>\t<\/g><\/g><g><\/g><g><\/g><g><\/g><g><\/g><g><\/g><g><\/g><g><\/g><g><\/g><g><\/g><g><\/g><g><\/g><g><\/g><g><\/g><g><\/g><g><\/g><\/svg>\t\t\t\t\t\t<\/span>\n\t\t\t\t\t\t\t\t\t\t<span class=\"elementor-icon-list-text\">info@behouse.ch<\/span>\n\t\t\t\t\t\t\t\t\t<\/li>\n\t\t\t\t\t\t\t\t<li class=\"elementor-icon-list-item elementor-inline-item\">\n\t\t\t\t\t\t\t\t\t\t\t<span class=\"elementor-icon-list-icon\">\n\t\t\t\t\t\t\t<svg xmlns=\"http:\/\/www.w3.org\/2000\/svg\" xmlns:xlink=\"http:\/\/www.w3.org\/1999\/xlink\" id=\"Layer_1\" x=\"0px\" y=\"0px\" viewBox=\"-298 389 15 16\" xml:space=\"preserve\"><title><\/title><g id=\"Page-1\">\t<g id=\"PAGINA-INTERNA-IMMOBILE\" transform=\"translate(-1092, -344)\">\t\t<path id=\"Fill-1\" d=\"M804.8,745.5c0.5,0.8,0.2,1.9-0.6,2.4l-1.4,0.9v0c-0.3,0.2-0.6,0.2-0.9,0.2c-0.3,0-0.5-0.1-0.8-0.2   c-2.2-1.2-4-2.9-5.3-5.1c-1.3-2.2-2-4.7-2-7.2c0-0.6,0.3-1.2,0.8-1.5l1.4-0.9c0.8-0.5,1.8-0.2,2.3,0.6l0.9,1.5   c0.5,0.8,0.2,1.9-0.6,2.4l-0.7,0.4v0c-0.2,0.1-0.3,0.4-0.2,0.6c0.5,1.6,1.3,3,2.5,4.2c0.2,0.2,0.5,0.2,0.7,0.1l0.7-0.4   c0.8-0.5,1.8-0.2,2.3,0.6L804.8,745.5z M801.6,738.7c1.2,0.2,2,1.4,1.9,2.6c0,0.2,0,0.3,0.1,0.4c0.1,0.1,0.2,0.2,0.4,0.2   c0,0,0.1,0,0.1,0c0.3,0,0.5-0.2,0.5-0.5c0.1-0.9-0.1-1.8-0.6-2.6c-0.5-0.7-1.3-1.2-2.2-1.4c-0.1,0-0.3,0-0.4,0.1   c-0.1,0.1-0.2,0.2-0.2,0.4C801,738.3,801.2,738.6,801.6,738.7L801.6,738.7z M802.1,735.3c-0.1,0-0.3,0-0.4,0.1   c-0.1,0.1-0.2,0.2-0.2,0.4s0,0.3,0.1,0.4c0.1,0.1,0.2,0.2,0.4,0.2c1.2,0.2,2.2,0.8,2.9,1.8c0.7,1,1,2.2,0.8,3.4   c0,0.2,0,0.3,0.1,0.4c0.1,0.1,0.2,0.2,0.4,0.2c0.1,0,0.3,0,0.4-0.1c0.1-0.1,0.2-0.2,0.2-0.4c0.2-1.5-0.1-3-1-4.3   C804.8,736.3,803.5,735.5,802.1,735.3L802.1,735.3z M802.4,733c-0.3,0-0.6,0.2-0.6,0.5c0,0.3,0.2,0.6,0.4,0.6   c1.7,0.3,3.3,1.3,4.4,2.7c1,1.5,1.5,3.3,1.2,5.1c0,0.2,0,0.3,0.1,0.4c0.1,0.1,0.2,0.2,0.4,0.2c0.1,0,0.3,0,0.4-0.1   c0.1-0.1,0.2-0.2,0.2-0.4c0.3-2.1-0.2-4.2-1.4-5.9C806.3,734.5,804.4,733.3,802.4,733L802.4,733z\"><\/path>\t<\/g><\/g><\/svg>\t\t\t\t\t\t<\/span>\n\t\t\t\t\t\t\t\t\t\t<span class=\"elementor-icon-list-text\">+41 (0) 91 985 90 66<\/span>\n\t\t\t\t\t\t\t\t\t<\/li>\n\t\t\t\t\t\t<\/ul>\n\t\t\t\t\t\t<\/div>\n\t\t\t\t<\/div>\n\t\t\t\t<div class=\"elementor-element elementor-element-5989a14 elementor-widget-divider--view-line elementor-widget elementor-widget-divider\" data-id=\"5989a14\" data-element_type=\"widget\" data-widget_type=\"divider.default\">\n\t\t\t\t<div class=\"elementor-widget-container\">\n\t\t\t\t\t\t\t<div class=\"elementor-divider\">\n\t\t\t<span class=\"elementor-divider-separator\">\n\t\t\t\t\t\t<\/span>\n\t\t<\/div>\n\t\t\t\t\t\t<\/div>\n\t\t\t\t<\/div>\n\t\t\t\t<div class=\"elementor-element elementor-element-23f9d8e elementor-align-left elementor-widget elementor-widget-button\" data-id=\"23f9d8e\" data-element_type=\"widget\" data-widget_type=\"button.default\">\n\t\t\t\t<div class=\"elementor-widget-container\">\n\t\t\t\t\t\t\t\t\t<div class=\"elementor-button-wrapper\">\n\t\t\t\t\t<a class=\"elementor-button elementor-button-link elementor-size-sm\" href=\"https:\/\/g.co\/kgs\/1khE5fe\" target=\"_blank\">\n\t\t\t\t\t\t<span class=\"elementor-button-content-wrapper\">\n\t\t\t\t\t\t\t\t\t<span class=\"elementor-button-text\">Google Maps<\/span>\n\t\t\t\t\t<\/span>\n\t\t\t\t\t<\/a>\n\t\t\t\t<\/div>\n\t\t\t\t\t\t\t\t<\/div>\n\t\t\t\t<\/div>\n\t\t\t\t<\/div>\n\t\t\t\t<\/div>\n\t\t\t\t\t<\/div>\n\t\t\t\t<\/div>\n\t\t<div class=\"elementor-element elementor-element-dd53a69 e-flex e-con-boxed e-con e-parent\" data-id=\"dd53a69\" data-element_type=\"container\">\n\t\t\t\t\t<div class=\"e-con-inner\">\n\t\t\t\t<div class=\"elementor-element elementor-element-21ddd6e elementor-widget elementor-widget-heading\" data-id=\"21ddd6e\" data-element_type=\"widget\" data-widget_type=\"heading.default\">\n\t\t\t\t<div class=\"elementor-widget-container\">\n\t\t\t\t\t<h2 class=\"elementor-heading-title elementor-size-default\">Kontaktformular<\/h2>\t\t\t\t<\/div>\n\t\t\t\t<\/div>\n\t\t\t\t<div class=\"elementor-element elementor-element-d06bc5b elementor-widget elementor-widget-heading\" data-id=\"d06bc5b\" data-element_type=\"widget\" data-widget_type=\"heading.default\">\n\t\t\t\t<div class=\"elementor-widget-container\">\n\t\t\t\t\t<h2 class=\"elementor-heading-title elementor-size-default\">Wie k\u00f6nnen wir <b>Ihnen helfen<\/b>?<\/h2>\t\t\t\t<\/div>\n\t\t\t\t<\/div>\n\t\t\t\t<div class=\"elementor-element elementor-element-daaddba elementor-widget elementor-widget-text-editor\" data-id=\"daaddba\" data-element_type=\"widget\" data-widget_type=\"text-editor.default\">\n\t\t\t\t<div class=\"elementor-widget-container\">\n\t\t\t\t\t\t\t\t\t<p>F\u00fcr Informationen \u00fcber unsere Immobilien und Dienstleistungen oder f\u00fcr andere Anfragen k\u00f6nnen Sie uns eine Nachricht \u00fcber dieses Kontaktformular senden. Wir werden Ihnen so schnell wie m\u00f6glich antworten.<\/p>\t\t\t\t\t\t\t\t<\/div>\n\t\t\t\t<\/div>\n\t\t\t\t<div class=\"elementor-element elementor-element-32aec69 elementor-button-align-stretch elementor-widget elementor-widget-form\" data-id=\"32aec69\" data-element_type=\"widget\" id=\"form-contact\" data-settings=\"{&quot;button_width&quot;:&quot;20&quot;,&quot;step_next_label&quot;:&quot;Successivo&quot;,&quot;step_previous_label&quot;:&quot;Precedente&quot;,&quot;step_type&quot;:&quot;number_text&quot;,&quot;step_icon_shape&quot;:&quot;circle&quot;}\" data-widget_type=\"form.default\">\n\t\t\t\t<div class=\"elementor-widget-container\">\n\t\t\t\t\t\t\t<form class=\"elementor-form\" method=\"post\" name=\"form-contact\">\n\t\t\t<input type=\"hidden\" name=\"post_id\" value=\"151624\"\/>\n\t\t\t<input type=\"hidden\" name=\"form_id\" value=\"32aec69\"\/>\n\t\t\t<input type=\"hidden\" name=\"referer_title\" value=\"\" \/>\n\n\t\t\t\n\t\t\t<div class=\"elementor-form-fields-wrapper elementor-labels-\">\n\t\t\t\t\t\t\t\t<div class=\"elementor-field-type-text elementor-field-group elementor-column elementor-field-group-nome elementor-col-33 elementor-field-required\">\n\t\t\t\t\t\t\t\t\t\t\t\t<label for=\"form-field-nome\" class=\"elementor-field-label elementor-screen-only\">\n\t\t\t\t\t\t\t\tNome\t\t\t\t\t\t\t<\/label>\n\t\t\t\t\t\t\t\t\t\t\t\t\t\t<input size=\"1\" type=\"text\" name=\"form_fields[nome]\" id=\"form-field-nome\" class=\"elementor-field elementor-size-lg  elementor-field-textual\" placeholder=\"Name und Nachname\" required=\"required\">\n\t\t\t\t\t\t\t\t\t\t\t<\/div>\n\t\t\t\t\t\t\t\t<div class=\"elementor-field-type-tel elementor-field-group elementor-column elementor-field-group-telefono elementor-col-33 elementor-field-required\">\n\t\t\t\t\t\t\t\t\t\t\t\t<label for=\"form-field-telefono\" class=\"elementor-field-label elementor-screen-only\">\n\t\t\t\t\t\t\t\tTelefono\t\t\t\t\t\t\t<\/label>\n\t\t\t\t\t\t\t\t<input size=\"1\" type=\"tel\" name=\"form_fields[telefono]\" id=\"form-field-telefono\" class=\"elementor-field elementor-size-lg  elementor-field-textual\" placeholder=\"Telefon\" required=\"required\" pattern=\"[0-9()#&amp;+*-=.]+\" title=\"Nur Nummern oder Telefon-Zeichen (#, -, *, etc) werden akzeptiert.\">\n\n\t\t\t\t\t\t<\/div>\n\t\t\t\t\t\t\t\t<div class=\"elementor-field-type-email elementor-field-group elementor-column elementor-field-group-email elementor-col-33 elementor-field-required\">\n\t\t\t\t\t\t\t\t\t\t\t\t<label for=\"form-field-email\" class=\"elementor-field-label elementor-screen-only\">\n\t\t\t\t\t\t\t\tEmail\t\t\t\t\t\t\t<\/label>\n\t\t\t\t\t\t\t\t\t\t\t\t\t\t<input size=\"1\" type=\"email\" name=\"form_fields[email]\" id=\"form-field-email\" class=\"elementor-field elementor-size-lg  elementor-field-textual\" placeholder=\"Email\" required=\"required\">\n\t\t\t\t\t\t\t\t\t\t\t<\/div>\n\t\t\t\t\t\t\t\t<div class=\"elementor-field-type-textarea elementor-field-group elementor-column elementor-field-group-messaggio elementor-col-100 elementor-field-required\">\n\t\t\t\t\t\t\t\t\t\t\t\t<label for=\"form-field-messaggio\" class=\"elementor-field-label elementor-screen-only\">\n\t\t\t\t\t\t\t\tMessaggio\t\t\t\t\t\t\t<\/label>\n\t\t\t\t\t\t<textarea class=\"elementor-field-textual elementor-field  elementor-size-lg\" name=\"form_fields[messaggio]\" id=\"form-field-messaggio\" rows=\"8\" placeholder=\"Nachricht\" required=\"required\"><\/textarea>\t\t\t\t<\/div>\n\t\t\t\t\t\t\t\t<div class=\"elementor-field-type-acceptance elementor-field-group elementor-column elementor-field-group-privacy elementor-col-100 elementor-field-required\">\n\t\t\t\t\t\t\t\t\t\t\t\t<label for=\"form-field-privacy\" class=\"elementor-field-label elementor-screen-only\">\n\t\t\t\t\t\t\t\tPrivacy\t\t\t\t\t\t\t<\/label>\n\t\t\t\t\t\t\t\t<div class=\"elementor-field-subgroup\">\n\t\t\t<span class=\"elementor-field-option\">\n\t\t\t\t<input type=\"checkbox\" name=\"form_fields[privacy]\" id=\"form-field-privacy\" class=\"elementor-field elementor-size-lg  elementor-acceptance-field\" required=\"required\">\n\t\t\t\t<label for=\"form-field-privacy\">Ich erkl\u00e4re, dass ich die <a href=\"\/de\/privacy-policy\" target=\"_blank\">Datenschutzbestimmungen<\/a> gelesen habe.<\/label>\t\t\t<\/span>\n\t\t<\/div>\n\t\t\t\t\t\t<\/div>\n\t\t\t\t\t\t\t\t<div class=\"elementor-field-type-hidden elementor-field-group elementor-column elementor-field-group-riferimento elementor-col-100\">\n\t\t\t\t\t\t\t\t\t\t\t\t\t<input size=\"1\" type=\"hidden\" name=\"form_fields[riferimento]\" id=\"form-field-riferimento\" class=\"elementor-field elementor-size-lg  elementor-field-textual\">\n\t\t\t\t\t\t\t\t\t\t\t<\/div>\n\t\t\t\t\t\t\t\t<div class=\"elementor-field-group elementor-column elementor-field-type-submit elementor-col-20 e-form__buttons\">\n\t\t\t\t\t<button class=\"elementor-button elementor-size-sm\" type=\"submit\">\n\t\t\t\t\t\t<span class=\"elementor-button-content-wrapper\">\n\t\t\t\t\t\t\t\t\t\t\t\t\t\t\t\t\t\t\t\t\t\t<span class=\"elementor-button-text\">Nachricht senden<\/span>\n\t\t\t\t\t\t\t\t\t\t\t\t\t<\/span>\n\t\t\t\t\t<\/button>\n\t\t\t\t<\/div>\n\t\t\t<\/div>\n\t\t<\/form>\n\t\t\t\t\t\t<\/div>\n\t\t\t\t<\/div>\n\t\t\t\t\t<\/div>\n\t\t\t\t<\/div>\n\t\t\t\t<\/div>\n\t\t","protected":false},"excerpt":{"rendered":"<p>Kontakt Brauchen Sie Informationen? Wo wir sind Unser Standort. Rechtssitz und Gesch\u00e4ftssitz Via Borgo, 24 &#8211; 6612 Ascona &#8211; Schweiz B\u00fcroadresse Via delle Scuole, 13 &#8211; 6900 Paradiso &#8211; Schweiz info@behouse.ch +41 (0) 91 985 90 66 Google Maps Kontaktformular Wie k\u00f6nnen wir Ihnen helfen? F\u00fcr Informationen \u00fcber unsere Immobilien und Dienstleistungen oder f\u00fcr andere [&hellip;]<\/p>\n","protected":false},"author":1,"featured_media":0,"parent":0,"menu_order":0,"comment_status":"closed","ping_status":"closed","template":"","meta":{"_acf_changed":false,"footnotes":""},"class_list":["post-151624","page","type-page","status-publish","hentry"],"acf":[],"_links":{"self":[{"href":"https:\/\/behouse.ch\/de\/wp-json\/wp\/v2\/pages\/151624","targetHints":{"allow":["GET"]}}],"collection":[{"href":"https:\/\/behouse.ch\/de\/wp-json\/wp\/v2\/pages"}],"about":[{"href":"https:\/\/behouse.ch\/de\/wp-json\/wp\/v2\/types\/page"}],"author":[{"embeddable":true,"href":"https:\/\/behouse.ch\/de\/wp-json\/wp\/v2\/users\/1"}],"replies":[{"embeddable":true,"href":"https:\/\/behouse.ch\/de\/wp-json\/wp\/v2\/comments?post=151624"}],"version-history":[{"count":0,"href":"https:\/\/behouse.ch\/de\/wp-json\/wp\/v2\/pages\/151624\/revisions"}],"wp:attachment":[{"href":"https:\/\/behouse.ch\/de\/wp-json\/wp\/v2\/media?parent=151624"}],"curies":[{"name":"wp","href":"https:\/\/api.w.org\/{rel}","templated":true}]}}